{"id":33,"date":"2015-05-24T02:50:11","date_gmt":"2015-05-23T20:50:11","guid":{"rendered":"http:\/\/progresgarbi.com\/?page_id=33"},"modified":"2021-02-10T16:37:17","modified_gmt":"2021-02-10T10:37:17","slug":"contacta-amb-nosaltres","status":"publish","type":"page","link":"https:\/\/progresgarbi.com\/ca\/contacta-amb-nosaltres\/","title":{"rendered":"Contacta amb nosaltres"},"content":{"rendered":"<div class=\"vc_row wpb_row\">\n    <div class=\"clr vc_row-fluid\">\n                    \n\t<div class=\"vc_col-sm-12 wpb_column clr column_container  \">\n\t\t\t\n\t<div class=\"wpb_text_column wpb_content_element \">\n\t\t<div class=\"wpb_wrapper\">\n\t\t\t<h2>Tel\u00e8fon<\/h2>\n<p>+34 937 65 41 12<\/p>\n<h2>Correu electr\u00f2nic<\/h2>\n<p><a href=\"mailto:progresgarbi@progresgarbi.com\">progresgarbi@progresgarbi.com<\/a><\/p>\n<h2>Les instal\u00b7lacions d&#8217;Agr\u00edcola el Progr\u00e9s-Garb\u00ed<\/h2>\n<p><iframe loading=\"lazy\" src=\"https:\/\/www.google.com\/maps\/embed?pb=!1m18!1m12!1m3!1d381891.7457161493!2d2.2832663276390943!3d41.601065422239394!2m3!1f0!2f0!3f0!3m2!1i1024!2i768!4f13.1!3m3!1m2!1s0x12bb3ddf5f9e5c81%3A0xeed2e3e1ff2ff132!2sCooperativa%20Agr%C3%ADcola%20Progr%C3%A9s-Garb%C3%AD!5e0!3m2!1ses!2ses!4v1612953393760!5m2!1ses!2ses\" width=\"600\" height=\"450\" frameborder=\"0\" style=\"border:0;\" allowfullscreen=\"\" aria-hidden=\"false\" tabindex=\"0\"><\/iframe><\/p>\n<h2>Formulari de contacte<\/h2>\n<p>Si no ho tens clar, pots enviar-nos un correu electr\u00f2nic i et remitirem a la persona adequada perqu\u00e8 et respongui<\/p>\n\n\t\t<\/div> \n\t<\/div> \n\t<\/div> \n                                                    <\/div><!-- .clr vc_row-fluid -->\n    <\/div><!-- .vc_row wpb_row -->\n\n\n<div class=\"vc_row wpb_row\">\n    <div class=\"clr vc_row-fluid\">\n                    \n\t<div class=\"vc_col-sm-12 wpb_column clr column_container  \"><div class=\"clr  bordered-column\">\n\t\t\t\n<div class=\"wpcf7 no-js\" id=\"wpcf7-f47-o1\" lang=\"en-US\" dir=\"ltr\">\n<div class=\"screen-reader-response\"><p role=\"status\" aria-live=\"polite\" aria-atomic=\"true\"><\/p> <ul><\/ul><\/div>\n<form action=\"\/ca\/wp-json\/wp\/v2\/pages\/33#wpcf7-f47-o1\" method=\"post\" class=\"wpcf7-form init\" aria-label=\"Contact form\" novalidate=\"novalidate\" data-status=\"init\">\n<div style=\"display: none;\">\n<input type=\"hidden\" name=\"_wpcf7\" value=\"47\" \/>\n<input type=\"hidden\" name=\"_wpcf7_version\" value=\"5.7.7\" \/>\n<input type=\"hidden\" name=\"_wpcf7_locale\" value=\"en_US\" \/>\n<input type=\"hidden\" name=\"_wpcf7_unit_tag\" value=\"wpcf7-f47-o1\" \/>\n<input type=\"hidden\" name=\"_wpcf7_container_post\" value=\"0\" \/>\n<input type=\"hidden\" name=\"_wpcf7_posted_data_hash\" value=\"\" \/>\n<input type=\"hidden\" name=\"_wpcf7_recaptcha_response\" value=\"\" \/>\n<\/div>\n<p>Nom (obligatori)\n<\/p>\n<p><span class=\"wpcf7-form-control-wrap\" data-name=\"your-name\"><input size=\"40\" class=\"wpcf7-form-control wpcf7-text wpcf7-validates-as-required\" aria-required=\"true\" aria-invalid=\"false\" value=\"\" type=\"text\" name=\"your-name\" \/><\/span>\n<\/p>\n<p>Correu electr\u00f2nic (obligatori)\n<\/p>\n<p><span class=\"wpcf7-form-control-wrap\" data-name=\"your-email\"><input size=\"40\" class=\"wpcf7-form-control wpcf7-text wpcf7-email wpcf7-validates-as-required wpcf7-validates-as-email\" aria-required=\"true\" aria-invalid=\"false\" value=\"\" type=\"email\" name=\"your-email\" \/><\/span>\n<\/p>\n<p>Assumpte\n<\/p>\n<p><span class=\"wpcf7-form-control-wrap\" data-name=\"your-subject\"><input size=\"40\" class=\"wpcf7-form-control wpcf7-text\" aria-invalid=\"false\" value=\"\" type=\"text\" name=\"your-subject\" \/><\/span>\n<\/p>\n<p>Cos del missatge\n<\/p>\n<p><span class=\"wpcf7-form-control-wrap\" data-name=\"your-message\"><textarea cols=\"40\" rows=\"10\" class=\"wpcf7-form-control wpcf7-textarea\" aria-invalid=\"false\" name=\"your-message\"><\/textarea><\/span>\n<\/p>\n<p><label><br \/>\n<\/label>\n<\/p>\n<ol>\n\t<li>\n\t\t<p>Responsable de los datos: Cooperativa Agr\u00edcola El Progr\u00e9s-Garb\u00ed, S.C.C.L\n\t\t<\/p>\n\t<\/li>\n\t<li>\n\t\t<p>Finalidad de los datos: Contacto personal, comercial o proceso de selecci\u00f3n, boletines de noticias, etc.\n\t\t<\/p>\n\t<\/li>\n\t<li>\n\t\t<p>Almacenamiento de los datos: Base de datos alojada en Tesys Internet S.L.U (UE)\n\t\t<\/p>\n\t<\/li>\n\t<li>\n\t\t<p>Derechos: En cualquier momento puedes <a href=\"http:\/\/progresgarbi.com\/ca\/avis-legal\/\">limitar, recuperar y borrar tu informaci\u00f3n<\/a>.\n\t\t<\/p>\n\t<\/li>\n<\/ol>\n<p><input class=\"wpcf7-form-control has-spinner wpcf7-submit\" type=\"submit\" value=\"Enviar\" \/>\n<\/p><p style=\"display: none !important;\" class=\"akismet-fields-container\" data-prefix=\"_wpcf7_ak_\"><label>&#916;<textarea name=\"_wpcf7_ak_hp_textarea\" cols=\"45\" rows=\"8\" maxlength=\"100\"><\/textarea><\/label><input type=\"hidden\" id=\"ak_js_1\" name=\"_wpcf7_ak_js\" value=\"95\"\/><script>document.getElementById( \"ak_js_1\" ).setAttribute( \"value\", ( new Date() ).getTime() );<\/script><\/p><div class=\"wpcf7-response-output\" aria-hidden=\"true\"><\/div>\n<\/form>\n<\/div>\n<\/div>\n\t<\/div> \n                                                    <\/div><!-- .clr vc_row-fluid -->\n    <\/div><!-- .vc_row wpb_row -->\n\n\n<div class=\"vc_row wpb_row\">\n    <div class=\"clr vc_row-fluid\">\n                    \n\t<div class=\"vc_col-sm-12 wpb_column clr column_container  \">\n\t\t\t\n\t<div class=\"wpb_text_column wpb_content_element \">\n\t\t<div class=\"wpb_wrapper\">\n\t\t\t<div class=\"vc_row wpb_row\">\n    <div class=\"clr vc_row-fluid\">\n                                                                        <\/div><!-- .clr vc_row-fluid -->\n    <\/div><!-- .vc_row wpb_row -->\n\n\n\t<div class=\"vc_col-sm-12 wpb_column clr column_container  \">\n\t\t\t\n\t<\/div> \n\n\t<div class=\"wpb_text_column wpb_content_element \">\n\t\t<div class=\"wpb_wrapper\">\n\t\t\t\n\t\t<\/div> \n\t<\/div>\n<h2><\/h2>\n\n\t\t<\/div> \n\t<\/div> \n\t<\/div> \n                                                    <\/div><!-- .clr vc_row-fluid -->\n    <\/div><!-- .vc_row wpb_row -->","protected":false},"excerpt":{"rendered":"Tel\u00e8fon +34 937 65 41 12 Correu electr\u00f2nic progresgarbi@progresgarbi.com Les instal\u00b7lacions d'Agr\u00edcola el Progr\u00e9s-Garb\u00ed Formulari de contacte Si no ho tens clar, pots enviar-nos un correu electr\u00f2nic i et remitirem a la persona adequada perqu\u00e8 et respongui Nom (obligatori) Correu&hellip;","protected":false},"author":1,"featured_media":0,"parent":0,"menu_order":5,"comment_status":"open","ping_status":"open","template":"","meta":{"footnotes":""},"_links":{"self":[{"href":"https:\/\/progresgarbi.com\/ca\/wp-json\/wp\/v2\/pages\/33"}],"collection":[{"href":"https:\/\/progresgarbi.com\/ca\/wp-json\/wp\/v2\/pages"}],"about":[{"href":"https:\/\/progresgarbi.com\/ca\/wp-json\/wp\/v2\/types\/page"}],"author":[{"embeddable":true,"href":"https:\/\/progresgarbi.com\/ca\/wp-json\/wp\/v2\/users\/1"}],"replies":[{"embeddable":true,"href":"https:\/\/progresgarbi.com\/ca\/wp-json\/wp\/v2\/comments?post=33"}],"version-history":[{"count":18,"href":"https:\/\/progresgarbi.com\/ca\/wp-json\/wp\/v2\/pages\/33\/revisions"}],"predecessor-version":[{"id":350,"href":"https:\/\/progresgarbi.com\/ca\/wp-json\/wp\/v2\/pages\/33\/revisions\/350"}],"wp:attachment":[{"href":"https:\/\/progresgarbi.com\/ca\/wp-json\/wp\/v2\/media?parent=33"}],"curies":[{"name":"wp","href":"https:\/\/api.w.org\/{rel}","templated":true}]}}