{"id":125,"date":"2015-07-20T20:37:10","date_gmt":"2015-07-20T14:37:10","guid":{"rendered":"http:\/\/progresgarbi.com\/?page_id=125"},"modified":"2023-07-28T19:51:08","modified_gmt":"2023-07-28T13:51:08","slug":"avis-legal","status":"publish","type":"page","link":"https:\/\/progresgarbi.com\/es\/avis-legal\/","title":{"rendered":"Aviso legal"},"content":{"rendered":"<h3>1.- INTRODUCCI\u00d3N.<\/h3>\n<p>El present document t\u00e9 com a finalitat establir i regular les normes d&#8217;us aix\u00ed com la salvaguarda de les dades del Lloc www.progresgarbi.com, entenent per Lloc totes les p\u00e0gines i els seus continguts propietat de AGRICOLA EL PROGRES GARBI S.C.C.L. a les quals s&#8217;accedeix Mitjan\u00e7ant del domini www.progresgarbi.com i els seus el subdominis. Mitjan\u00e7ant el Lloc pret\u00e9n apropar als seus clients els serveis d&#8217;informaci\u00f3, aix\u00ed com de qualsevol altre servei que en el seu moment s&#8217;estimi oport\u00fa per a la correcta consecuci\u00f3 del seu objecte social. La utilitzaci\u00f3 d&#8217;aquesta p\u00e0gina, aix\u00ed com dels serveis que en ella es posa a disposici\u00f3 de l&#8217;usuari, suposar\u00e0 l&#8217;acceptaci\u00f3 plena i sense reserves de totes i cadascuna de les condicions generals recollides en el present Av\u00eds Legal (en endavant les \u00abCondicions Generals\u00bb), pel que l&#8217;usuari haur\u00e0 de ser conscient de la import\u00e0ncia de llegir-les cada cop que visiti el Lloc. El fet d&#8217;accedir a aquest Lloc implica el coneixement i acceptaci\u00f3 de les seg\u00fcents Condicions Generals pel que AGRICOLA EL PROGRES GARBI S.C.C.L. recomana al l&#8217;usuari la seva impressi\u00f3 o la seva desc\u00e0rrega i lectura detallada cada cop que accedeixi al Lloc.<\/p>\n<p>&nbsp;<\/p>\n<h3>2.- INFORMACI\u00d3N GENERAL.<\/h3>\n<p>El titular del present Lloc \u00e9s AGRICOLA EL PROGRES GARBI S.C.C.L. amb domicili social a a CAM\u00cd DEL PLA S\/N, 08380 Malgrat de Mar.. Prove\u00eft de N.I.F. F-60211786<\/p>\n<p>&nbsp;<\/p>\n<h3>3.- USO DEL SITIO.<\/h3>\n<p>Mitjan\u00e7ant l&#8217;acceptaci\u00f3 de les presents Condicions Generals l&#8217;usuari compromet a utilitzar el present Lloc i els serveis posats a la seva disposici\u00f3 en el mateix, de la manera i en la forma que en ell mateix s&#8217;estableix. Quedant obligat a no utilitzar el present Lloc i seus serveis amb finalitats il\u2022l\u00edcites i\/o contraries a les finalitats establertes en aquestes Condicions Generals, que poguessin ser lesius de drets i\/o interessos de tercers o que de qualsevol forma puguin malmetre el present Lloc o impedir el seu correcte funcionament o dels serveis que en ell s&#8217;ofereixen o oferissin en el futur.<\/p>\n<p>&nbsp;<\/p>\n<h3>4.- \u00c1MBITO DEL SITIO. RESPONSABILIDAD DEL USUARIO.<\/h3>\n<p>Es troba compr\u00e8s en aquest Lloc la p\u00e1gina www.progresgarbi.com. L&#8217;acc\u00e9s a aquest Lloc \u00e9s responsabilitat exclusiva dels usuaris. els riscos derivats de la utilitzaci\u00f3 del Lloc per el l&#8217;usuari seran al seu \u00fanic i exclusiu c\u00e0rrec. No es objecte de garantia per part de AGRICOLA EL PROGRES GARBI S.C.C.L. : (I) la infal\u2022libilitat, la disponibilitat, la continu\u00eftat, la inexist\u00e8ncia de defici\u00e8ncies i la seguretat del Lloc; (II) que el contingut del Lloc o la informaci\u00f3 que passa Mitjan\u00e7ant d&#8217;ell estigui lliure de virus o d&#8217;altres elements lesius aix\u00ed com d&#8217;errors, omissions o incorreccions; (III) la seguretat en la utilitzaci\u00f3 que el l&#8217;usuari faci del Lloc; AGRICOLA EL PROGRES GARBI S.C.C.L. no ser\u00e0 responsable de possibles danys o perjudicis que es poguessin derivar d&#8217;interfer\u00e8ncies, omissions, interrupcions, virus inform\u00e0tics, avaries telef\u00f2niques o desconnexions en el funcionament operatiu d&#8217;aquest sistema electr\u00f2nic, motivades per causes alienes a AGRICOLA EL PROGRES GARBI S.C.C.L. de retards o bloquejos en l&#8217;\u00fas del present sistema electr\u00f2nic causats per defici\u00e8ncies o sobrecarregues en el seu Centre de Processos de Dades, de l\u00ednies telef\u00f2niques , en el sistema d\u2019Internet o en altres sistemes electr\u00f2nics; ni tampoc de danys que puguin ser causats per terceres persones mitjan\u00e7ant intromissions il\u2022leg\u00edtimes fora del control de AGRICOLA EL PROGRES GARBI S.C.C.L. . Aix\u00ed mateix, s&#8217;exonera a AGRICOLA EL PROGRES GARBI S.C.C.L. de responsabilitat davant qualsevol dani o perjudici que pogu\u00e9s sofrir l&#8217;usuari com a conseq\u00fc\u00e8ncia d&#8217;errors, defectes o omissions, en la informaci\u00f3 facilitada per AGRICOLA EL PROGRES GARBI S.C.C.L. sempre que procedeixixi de fonts alienes. El fet d&#8217;accedir a aquest Lloc no li suposa entaular cap tipus de relaci\u00f3 de car\u00e0cter comercial entre AGRICOLA EL PROGRES GARBI S.C.C.L. i l&#8217;usuari.<\/p>\n<p>&nbsp;<\/p>\n<h3>5.- ACTUALIDAD\u00a0Y MODIFICACI\u00d3N DE LA INFORMACI\u00d3N.<\/h3>\n<p>La informaci\u00f3 que apareix en aquest Lloc \u00e9s la vigent en la data de la seva \u00faltima actualitzaci\u00f3. AGRICOLA EL PROGRES GARBI S.C.C.L. es reserva el dret a actualitzar, modificar o eliminar la informaci\u00f3 d&#8217;aquest Lloc, podent limitar o no permetre l&#8217;acc\u00e9s al mateix. AGRICOLA EL PROGRES GARBI S.C.C.L. es reserva la facultat d&#8217;efectuar, en qualsevol moment, els canvis i modificacions que estimi convenients, podent fer \u00fas de tal facultat en qualsevol moment i sense previ av\u00eds.<\/p>\n<p>&nbsp;<\/p>\n<h3>6.- CONTENIDOS.<\/h3>\n<p>AGRICOLA EL PROGRES GARBI S.C.C.L. realitza els m\u00e0xims esfor\u00e7os per evitar qualsevol error en els continguts que poguessin apar\u00e8ixer en aquest Lloc. AGRICOLA EL PROGRES GARBI S.C.C.L. no garanteix, ni es responsabilitza de les conseq\u00fc\u00e8ncies que poguessin derivar-se dels errors en els continguts que poguessin apar\u00e8ixer en aquest Lloc proporcionats per tercers. AGRICOLA EL PROGRES GARBI S.C.C.L. no es responsabilitza de cap manera d&#8217;aquells continguts, activitats comercials, productes i serveis inclosos que poguessin visualitzar-se mitjan\u00e7ant enlla\u00e7os electr\u00f2nics (links) si n&#8217;hi hagu\u00e9s i quan hi fossin, de forma directa o indirectament, Mitjan\u00e7ant aquest Lloc. La pres\u00e8ncia de links en el Lloc de AGRICOLA EL PROGRES GARBI S.C.C.L. ,tret de manifestaci\u00f3 expressa en contra, t\u00e9 una finalitat merament informativa i en cap cas li suposa el suggeriment, invitaci\u00f3 o recomanaci\u00f3 sobre els mateixos. Aquests enlla\u00e7os no representen cap tipus de relaci\u00f3 entre AGRICOLA EL PROGRES GARBI S.C.C.L. i les empreses o particulars titulares dels Llocs webs als quals es pot accedir mitjan\u00e7ant aquests enlla\u00e7os. es reserva el dret de retirar de manera unilateral i en qualsevol moment i sense previ av\u00eds els enlla\u00e7os que poguessin apar\u00e8ixer en el seu Lloc.<\/p>\n<p>&nbsp;<\/p>\n<h3>7.- NAVEGACI\u00d3N, ACCESO Y SEGURIDAD.<\/h3>\n<p>AGRICOLA EL PROGRES GARBI S.C.C.L. realitza els m\u00e0xims esfor\u00e7os perqu\u00e8 la navegaci\u00f3 es realitzi en les millors condicions i evitar els perjudicis de qualsevol tipus que poguessin ocasionar-se durant la mateixa. AGRICOLA EL PROGRES GARBI S.C.C.L. no es fa responsable dels perjudicis, de qualsevol \u00edndole, que poguessin ocasionar-se als usuaris per la utilitzaci\u00f3 d&#8217;altres navegadors o versions diferents dels navegadors pels que ha estat dissenyiat el Lloc. AGRICOLA EL PROGRES GARBI S.C.C.L. no es responsabilitza ni garanteix que l&#8217;acc\u00e9s a aquest Lloc sigui ininterromput o que estigui lliure d&#8217;error. Tampoc es responsabilitza o garanteix que el contingut o software al que pugui accedir-se Mitjan\u00e7ant d&#8217;aquest Lloc, estigui lliure d&#8217;error o causi un dani. En cap cas AGRICOLA EL PROGRES GARBI S.C.C.L. ser\u00e0 responsable per les p\u00e8rdues, danys o perjudicis de qualsevol tipus que sorgeixin per l&#8217;acc\u00e9s i l&#8217;\u00fas del Lloc, incloent-s&#8217;hi per\u00f2 no limitant-se, als ocasionats als sistemes inform\u00e0tics o els provocats per la introducci\u00f3 de virus. AGRICOLA EL PROGRES GARBI S.C.C.L. no es fa responsable dels danys que poguessin ocasionar-se als usuaris per un \u00fas inadequat d&#8217;aquest Lloc. En particular, no es fa responsable de cap manera de les caigudes, interrupcions, falta o defecte de les telecomunicacions que poguessin oc\u00f3rrer. Els serveis oferts en aquest Lloc nom\u00e9s poden ser utilitzats correctament si es compleixen les especificacions t\u00e8cniques per les que ha estat dissenyat.<\/p>\n<p>&nbsp;<\/p>\n<h3>8.- PROTECCI\u00d3N DE DATOS.<\/h3>\n<p>AGRICOLA EL PROGRES GARBI S.C.C.L. informa als usuaris del Lloc que AGRICOLA EL PROGRES GARBI S.C.C.L. respecta la legislaci\u00f3 vigent en mat\u00e8ria de protecci\u00f3 de dades i en concret la Llei Org\u00e0nica 15\/99, del 13 de desembre, de Protecci\u00f3 de Dades de Car\u00e0cter Personal, aix\u00ed com la seva normativa de desenvolupament, adoptant les mesures t\u00e8cniques i organitzatives necess\u00e0ries per evitar la p\u00e8rdua, mal \u00fas, alteraci\u00f3, acc\u00e9s no autoritzat i robatori de les dades personals facilitades, en el seu cas, Mitjan\u00e7ant del Lloc, amb un compte de l&#8217;estat de la tecnologia, la naturalesa de les dades i els riscos als quals estan exposats. Suposant que al fer \u00fas dels serveis que AGRICOLA EL PROGRES GARBI S.C.C.L. li ofereix en aquest Lloc els usuaris haguessin d&#8217;omplir dades de car\u00e0cter personal, AGRICOLA EL PROGRES GARBI S.C.C.L. en compliment de la normativa vigent- informar\u00e0 complidament al l&#8217;usuari dels seus drets i sol\u2022licitar\u00e0 el seu consentiment expr\u00e9s i inequ\u00edvoc pel tractament de les seves dades de car\u00e0cter personal.<\/p>\n<p>&nbsp;<\/p>\n<h3>9.- SOBRE EL USO DE COOKIES.<\/h3>\n<p>L&#8217;acc\u00e9s a aquest Lloc pot implicar la utilitzaci\u00f3 de \u201ccookies\u201d, tant a les seves p\u00e0gines com en les enlla\u00e7ades o referides mitjan\u00e7ant links. Aquells usuaris que no desitgin rebre cookies o vulguin ser informats de la seva fixaci\u00f3 poden configurar el seu navegador a tal efecte. 10.- PROPIETAT INTELECTUAL I DRETS D&#8217;AUTOR. AGRICOLA EL PROGRES GARBI S.C.C.L. declara que, tret que s&#8217;indiqui el contrari, en el Lloc, els textos, imatges, il\u2022lustracions, dissenis, icones, fotografies, segments de v\u00eddeo, segments de so i dem\u00e9s materials que es trobin en el Lloc i qualsevol altra creaci\u00f3 intel\u2022lectual i\/o invencions o descobriments cient\u00edfics i t\u00e8cnics, qualsevulla que sigui la seva aplicaci\u00f3 empresarial o industrial (en endavant col\u2022lectivament denominats el \u00abContingut\u00bb) han estat creats o inventats per AGRICOLA EL PROGRES GARBI S.C.C.L. o cedits, llicenciats, transmesos o autoritzats a aquesta pels seus titulars i\/o cessionaris. L\u2019usuari es compromet a no suprimir o alterar qualsevol signe distintiu utilitzat en el Lloc, com s\u00f3n, amb car\u00e0cter no exhaustiu, marques, noms comercials (gr\u00e0fics, logotips, etc.), el \u00abcopiright\u00bb i dem\u00e9s dades identificatives dels drets de AGRICOLA EL PROGRES GARBI S.C.C.L. o de tercers titulars incorporats al Lloc. S\u00f3n propietat de AGRICOLA EL PROGRES GARBI S.C.C.L. igualment tots els drets sobre qualsevol tipus d&#8217;obres, invents, descobriments, patents, idees, conceptes, actualitzacions i les millores relacionades amb el Lloc, els seus sistemes, aplicacions i programes o amb els serveis que AGRICOLA EL PROGRES GARBI S.C.C.L. presta, que siguin creats, realitzats, desenvolupats o posats en pr\u00e0ctica per primer cop per AGRICOLA EL PROGRES GARBI S.C.C.L. , ja sigui per si sola o amb l&#8217;ajuda dels usuaris del Lloc, en el transcurs o com a resultat d&#8217;algun disseni, desenvolupament o qualsevol altra feina realitzada de conformitat amb el Contracte. L&#8217;usuari no podr\u00e0 utilitzar el nom ni les marques, s\u00edmbols, logos o signes distintius de titularitat de AGRICOLA EL PROGRES GARBI S.C.C.L. sense el consentiment expr\u00e9s i escrit d&#8217;aquesta. En cas de que qualsevol usuari o tercer consideri que qualsevol dels continguts existents en el Lloc li suposa una violaci\u00f3 dels drets de autor o d&#8217;altres drets de protecci\u00f3 de la propietat intel\u2022lectual, demanem que ho comuniqui a la seg\u00fcent direcci\u00f3: AGRICOLA EL PROGRES GARBI S.C.C.L. , a CAM\u00cd DEL PLA S\/N, 08380 Malgrat de Mar.","protected":false},"excerpt":{"rendered":"<p>1.- INTRODUCCI\u00d3N. El present document t\u00e9 com a finalitat establir i regular les normes d&#8217;us aix\u00ed com la salvaguarda de les dades del Lloc www.progresgarbi.com, entenent per Lloc totes les p\u00e0gines i els seus continguts propietat de AGRICOLA EL PROGRES&hellip;<\/p>\n","protected":false},"author":1,"featured_media":0,"parent":0,"menu_order":0,"comment_status":"open","ping_status":"open","template":"","meta":{"footnotes":""},"_links":{"self":[{"href":"https:\/\/progresgarbi.com\/es\/wp-json\/wp\/v2\/pages\/125"}],"collection":[{"href":"https:\/\/progresgarbi.com\/es\/wp-json\/wp\/v2\/pages"}],"about":[{"href":"https:\/\/progresgarbi.com\/es\/wp-json\/wp\/v2\/types\/page"}],"author":[{"embeddable":true,"href":"https:\/\/progresgarbi.com\/es\/wp-json\/wp\/v2\/users\/1"}],"replies":[{"embeddable":true,"href":"https:\/\/progresgarbi.com\/es\/wp-json\/wp\/v2\/comments?post=125"}],"version-history":[{"count":14,"href":"https:\/\/progresgarbi.com\/es\/wp-json\/wp\/v2\/pages\/125\/revisions"}],"predecessor-version":[{"id":451,"href":"https:\/\/progresgarbi.com\/es\/wp-json\/wp\/v2\/pages\/125\/revisions\/451"}],"wp:attachment":[{"href":"https:\/\/progresgarbi.com\/es\/wp-json\/wp\/v2\/media?parent=125"}],"curies":[{"name":"wp","href":"https:\/\/api.w.org\/{rel}","templated":true}]}}