{"id":22,"date":"2015-05-24T02:41:45","date_gmt":"2015-05-23T20:41:45","guid":{"rendered":"http:\/\/progresgarbi.com\/?page_id=22"},"modified":"2021-02-22T03:39:23","modified_gmt":"2021-02-21T21:39:23","slug":"historia","status":"publish","type":"page","link":"https:\/\/progresgarbi.com\/es\/historia\/","title":{"rendered":"Historia"},"content":{"rendered":"<div class=\"vc_row wpb_row\">\n    <div class=\"clr vc_row-fluid\">\n                    \n\t<div class=\"vc_col-sm-12 wpb_column clr column_container  \">\n\t\t\t\n\t<div class=\"wpb_text_column wpb_content_element \">\n\t\t<div class=\"wpb_wrapper\">\n\t\t\t<p style=\"text-align: justify;\">Somos aproximadamente unos sesenta agricultores que producimos todo tipo de hortalizas y jud\u00edas en la zona del delta del Tordera, en los municipios de Malgrat de Mar, Palafolls, Santa Susanna y Blanes, al norte de Barcelona y sud de Girona.<\/p>\n<div id=\"attachment_148\" style=\"width: 473px\" class=\"wp-caption aligncenter\"><a href=\"http:\/\/progresgarbi.com\/wp-content\/uploads\/2015\/05\/502.200_2739.jpg\"><img loading=\"lazy\" decoding=\"async\" aria-describedby=\"caption-attachment-148\" class=\" wp-image-148\" src=\"http:\/\/progresgarbi.com\/wp-content\/uploads\/2015\/05\/502.200_2739.jpg\" alt=\"Pla de grau castell de palafolls\" width=\"463\" height=\"353\" srcset=\"https:\/\/progresgarbi.com\/wp-content\/uploads\/2015\/05\/502.200_2739.jpg 800w, https:\/\/progresgarbi.com\/wp-content\/uploads\/2015\/05\/502.200_2739-300x229.jpg 300w, https:\/\/progresgarbi.com\/wp-content\/uploads\/2015\/05\/502.200_2739-768x586.jpg 768w\" sizes=\"(max-width: 463px) 100vw, 463px\" \/><\/a><p id=\"caption-attachment-148\" class=\"wp-caption-text\">Recogida de patatas en el Pla de Grau, el castillo de Palafolls al fondo.\u00a0La imagen es de los a\u00f1os 30 y se pueden observar patatas listas para ser cargadas.<\/p><\/div>\n<p style=\"text-align: justify;\">La cooperativa Agr\u00edcola El Progr\u00e9s-Garb\u00ed nace el 5 de agosto de 1992. El a\u00f1o 1992 se aprueba la fusi\u00f3n de las dos cooperativas agrarias del pueblo. Por un lado de la cooperativa Agr\u00edcola El Progreso, fundada el 1915 con la cooperativa Garb\u00ed que naci\u00f3 el 1987. De esta fusi\u00f3n sale el nombre Agr\u00edcola El Progr\u00e9s-Garb\u00ed.<\/p>\n<div id=\"attachment_147\" style=\"width: 467px\" class=\"wp-caption aligncenter\"><a href=\"http:\/\/progresgarbi.com\/wp-content\/uploads\/2015\/05\/507.100_18038.jpg\"><img loading=\"lazy\" decoding=\"async\" aria-describedby=\"caption-attachment-147\" class=\" wp-image-147\" src=\"http:\/\/progresgarbi.com\/wp-content\/uploads\/2015\/05\/507.100_18038-300x189.jpg\" alt=\"Preparaci\u00f3, al sindicat de pagesos, d\u00b4enciam per a l\u00b4exportaci\u00f3. Imatge del febrer de 1959.\" width=\"457\" height=\"288\" srcset=\"https:\/\/progresgarbi.com\/wp-content\/uploads\/2015\/05\/507.100_18038-300x189.jpg 300w, https:\/\/progresgarbi.com\/wp-content\/uploads\/2015\/05\/507.100_18038-768x485.jpg 768w, https:\/\/progresgarbi.com\/wp-content\/uploads\/2015\/05\/507.100_18038.jpg 800w\" sizes=\"(max-width: 457px) 100vw, 457px\" \/><\/a><p id=\"caption-attachment-147\" class=\"wp-caption-text\">Preparaci\u00f3n al sindicato de agricultores, de lechuga para la exportaci\u00f3n al extranjero. Imagen del febrero de 1959<\/p><\/div>\n<p>&nbsp;<\/p>\n<p>La Cooperativa comercializa la mayor parte de nuestra producci\u00f3n. La cual tiene su punto de m\u00e1xima variedad des de la primavera hasta el oto\u00f1o, donde podremos encontrar la mayor parte de verduras que consumimos en nuestro d\u00eda a d\u00eda.<\/p>\n<p>&nbsp;<\/p>\n<div id=\"attachment_149\" style=\"width: 445px\" class=\"wp-caption aligncenter\"><a href=\"http:\/\/progresgarbi.com\/wp-content\/uploads\/2015\/05\/502.200_1086.jpg\"><img loading=\"lazy\" decoding=\"async\" aria-describedby=\"caption-attachment-149\" class=\"wp-image-149\" src=\"http:\/\/progresgarbi.com\/wp-content\/uploads\/2015\/05\/502.200_1086-300x223.jpg\" alt=\"Dones i homes cuidant els planters a Malgrat de Mar, segurament abans del 1936\" width=\"435\" height=\"323\" srcset=\"https:\/\/progresgarbi.com\/wp-content\/uploads\/2015\/05\/502.200_1086-300x223.jpg 300w, https:\/\/progresgarbi.com\/wp-content\/uploads\/2015\/05\/502.200_1086.jpg 600w\" sizes=\"(max-width: 435px) 100vw, 435px\" \/><\/a><p id=\"caption-attachment-149\" class=\"wp-caption-text\">Mujeres y hombres cuidando los planteros en Malgrat de Mar, seguramente antes de 1936.<\/p><\/div>\n<p>&nbsp;<\/p>\n<p style=\"text-align: justify;\">Cuando explicamos a los j\u00f3venes del pueblo que hacen un Cr\u00e9dito de s\u00edntesis sobre nuestra zona agr\u00edcola, el Pla de Grau y su actividad agr\u00edcola, intentamos transmitir la importancia y visi\u00f3n de la faena en equipo que hacen los trabajadores de la cooperativa con los agricultores para as\u00ed transmitir hacia ellos que requiere el mercador, mantener el sabor, renovar variedades, formas de producir, etc.<\/p>\n<p>&nbsp;<\/p>\n<p><a href=\"http:\/\/progresgarbi.com\/wp-content\/uploads\/2021\/02\/Historia1-scaled.jpg\"><img loading=\"lazy\" decoding=\"async\" class=\"alignnone size-full wp-image-383\" src=\"http:\/\/progresgarbi.com\/wp-content\/uploads\/2021\/02\/Historia1-scaled.jpg\" alt=\"\" width=\"2560\" height=\"1919\" srcset=\"https:\/\/progresgarbi.com\/wp-content\/uploads\/2021\/02\/Historia1-scaled.jpg 2560w, https:\/\/progresgarbi.com\/wp-content\/uploads\/2021\/02\/Historia1-scaled-300x225.jpg 300w, https:\/\/progresgarbi.com\/wp-content\/uploads\/2021\/02\/Historia1-scaled-1024x768.jpg 1024w, https:\/\/progresgarbi.com\/wp-content\/uploads\/2021\/02\/Historia1-scaled-768x576.jpg 768w, https:\/\/progresgarbi.com\/wp-content\/uploads\/2021\/02\/Historia1-scaled-1536x1151.jpg 1536w, https:\/\/progresgarbi.com\/wp-content\/uploads\/2021\/02\/Historia1-scaled-2048x1535.jpg 2048w\" sizes=\"(max-width: 2560px) 100vw, 2560px\" \/><\/a><\/p>\n<p>&nbsp;<\/p>\n<p><a href=\"http:\/\/progresgarbi.com\/wp-content\/uploads\/2021\/02\/Historia.jpg\"><img loading=\"lazy\" decoding=\"async\" class=\"alignnone size-full wp-image-382\" src=\"http:\/\/progresgarbi.com\/wp-content\/uploads\/2021\/02\/Historia.jpg\" alt=\"\" width=\"1800\" height=\"1200\" srcset=\"https:\/\/progresgarbi.com\/wp-content\/uploads\/2021\/02\/Historia.jpg 1800w, https:\/\/progresgarbi.com\/wp-content\/uploads\/2021\/02\/Historia-300x200.jpg 300w, https:\/\/progresgarbi.com\/wp-content\/uploads\/2021\/02\/Historia-1024x683.jpg 1024w, https:\/\/progresgarbi.com\/wp-content\/uploads\/2021\/02\/Historia-768x512.jpg 768w, https:\/\/progresgarbi.com\/wp-content\/uploads\/2021\/02\/Historia-1536x1024.jpg 1536w\" sizes=\"(max-width: 1800px) 100vw, 1800px\" \/><\/a><\/p>\n<h1 style=\"text-align: center;\"><em>Creemos en la fuerza de la uni\u00f3n para llegar a conseguir todo lo que nos proponemos<\/em><\/h1>\n<p style=\"text-align: justify;\">\n\n\t\t<\/div> \n\t<\/div> \n\t<\/div> \n                                                    <\/div><!-- .clr vc_row-fluid -->\n    <\/div><!-- .vc_row wpb_row -->","protected":false},"excerpt":{"rendered":"Somos aproximadamente unos sesenta agricultores que producimos todo tipo de hortalizas y jud\u00edas en la zona del delta del Tordera, en los municipios de Malgrat de Mar, Palafolls, Santa Susanna y Blanes, al norte de Barcelona y sud de Girona.&hellip;","protected":false},"author":1,"featured_media":0,"parent":0,"menu_order":1,"comment_status":"open","ping_status":"open","template":"","meta":{"footnotes":""},"_links":{"self":[{"href":"https:\/\/progresgarbi.com\/es\/wp-json\/wp\/v2\/pages\/22"}],"collection":[{"href":"https:\/\/progresgarbi.com\/es\/wp-json\/wp\/v2\/pages"}],"about":[{"href":"https:\/\/progresgarbi.com\/es\/wp-json\/wp\/v2\/types\/page"}],"author":[{"embeddable":true,"href":"https:\/\/progresgarbi.com\/es\/wp-json\/wp\/v2\/users\/1"}],"replies":[{"embeddable":true,"href":"https:\/\/progresgarbi.com\/es\/wp-json\/wp\/v2\/comments?post=22"}],"version-history":[{"count":28,"href":"https:\/\/progresgarbi.com\/es\/wp-json\/wp\/v2\/pages\/22\/revisions"}],"predecessor-version":[{"id":398,"href":"https:\/\/progresgarbi.com\/es\/wp-json\/wp\/v2\/pages\/22\/revisions\/398"}],"wp:attachment":[{"href":"https:\/\/progresgarbi.com\/es\/wp-json\/wp\/v2\/media?parent=22"}],"curies":[{"name":"wp","href":"https:\/\/api.w.org\/{rel}","templated":true}]}}