{"id":27,"date":"2015-05-24T02:47:15","date_gmt":"2015-05-23T20:47:15","guid":{"rendered":"http:\/\/progresgarbi.com\/?page_id=27"},"modified":"2021-02-23T02:07:41","modified_gmt":"2021-02-22T20:07:41","slug":"marques-i-certificacions","status":"publish","type":"page","link":"https:\/\/progresgarbi.com\/es\/marques-i-certificacions\/","title":{"rendered":"Marcas y certificaciones"},"content":{"rendered":"<a href=\"http:\/\/progresgarbi.com\/wp-content\/uploads\/2015\/05\/Logo-Progr\u00e9s-Garb\u00ed500.jpg\"><img loading=\"lazy\" decoding=\"async\" class=\"size-full wp-image-65 aligncenter\" src=\"http:\/\/progresgarbi.com\/wp-content\/uploads\/2015\/05\/Logo-Progr\u00e9s-Garb\u00ed500.jpg\" alt=\"Progr\u00e9s Garb\u00ed logo\" width=\"500\" height=\"76\" srcset=\"https:\/\/progresgarbi.com\/wp-content\/uploads\/2015\/05\/Logo-Progr\u00e9s-Garb\u00ed500.jpg 500w, https:\/\/progresgarbi.com\/wp-content\/uploads\/2015\/05\/Logo-Progr\u00e9s-Garb\u00ed500-300x46.jpg 300w\" sizes=\"(max-width: 500px) 100vw, 500px\" \/><\/a><\/p>\n<h2 style=\"text-align: center;\">Progr\u00e9s Garb\u00ed<\/h2>\n<p style=\"text-align: center;\">Es la marca principal. Nace de la fusi\u00f3n de las cooperativas el Progr\u00e9s y Garb\u00ed.<\/p>\n<h3 style=\"text-align: center;\">La uni\u00f3n de dos cooperativas<\/h3>\n<p style=\"text-align: center;\">Verduras cojidas y envasadas directamente del campo.<\/p>\n<hr \/>\n<p style=\"text-align: center;\"><a href=\"http:\/\/progresgarbi.com\/wp-content\/uploads\/2021\/02\/Screenshot-2021-02-10-at-14.09.26.png\"><img loading=\"lazy\" decoding=\"async\" class=\"wp-image-371 size-medium aligncenter\" src=\"http:\/\/progresgarbi.com\/wp-content\/uploads\/2021\/02\/Screenshot-2021-02-10-at-14.09.26-300x147.png\" alt=\"\" width=\"300\" height=\"147\" srcset=\"https:\/\/progresgarbi.com\/wp-content\/uploads\/2021\/02\/Screenshot-2021-02-10-at-14.09.26-300x147.png 300w, https:\/\/progresgarbi.com\/wp-content\/uploads\/2021\/02\/Screenshot-2021-02-10-at-14.09.26.png 374w\" sizes=\"(max-width: 300px) 100vw, 300px\" \/><\/a><\/p>\n<h2 style=\"text-align: center;\">CampNatur<\/h2>\n<p style=\"text-align: center;\">CampNatur es el resultado de la uni\u00f3n de campesinas y campesinos del Maresme, concienciados con la tierra, la agricultura de proximidad y el respeto por el territorio. Hoy esto hace posible que podamos ofrecer una amplia gamma de ensaladas, fruto de la experiencia.<\/p>\n<p style=\"text-align: center;\"><a href=\"http:\/\/www.campnatur.cat\/es\/\" target=\"_blank\" rel=\"noopener\">http:\/\/www.campnatur.cat\/es\/<\/a><\/p>\n<hr \/>\n<p><a href=\"http:\/\/progresgarbi.com\/wp-content\/uploads\/2015\/05\/logo-la-Pilona.jpg\"><img loading=\"lazy\" decoding=\"async\" class=\"wp-image-91 size-medium aligncenter\" src=\"http:\/\/progresgarbi.com\/wp-content\/uploads\/2015\/05\/logo-la-Pilona-300x125.jpg\" alt=\"Logo La Pilona Progr\u00e9s Garb\u00ed Mongeta del ganxet\" width=\"300\" height=\"125\" srcset=\"https:\/\/progresgarbi.com\/wp-content\/uploads\/2015\/05\/logo-la-Pilona-300x125.jpg 300w, https:\/\/progresgarbi.com\/wp-content\/uploads\/2015\/05\/logo-la-Pilona-1024x426.jpg 1024w, https:\/\/progresgarbi.com\/wp-content\/uploads\/2015\/05\/logo-la-Pilona-768x320.jpg 768w, https:\/\/progresgarbi.com\/wp-content\/uploads\/2015\/05\/logo-la-Pilona.jpg 1419w\" sizes=\"(max-width: 300px) 100vw, 300px\" \/><\/a><\/p>\n<h2 style=\"text-align: center;\">La Pilona<\/h2>\n<p style=\"text-align: center;\">Nuestra marca para promover productos tradicionales como la Jud\u00eda del Ganxet<\/p>\n<h3 style=\"text-align: center;\"><a href=\"https:\/\/www.amazon.es\/La-Pilona-MONGETA-DEL-GANXET\/dp\/B07931Z5BS\" target=\"_blank\" rel=\"noopener\">Ahora tambi\u00e9n puedes comprar Jud\u00eda del ganxet en Amazon<\/a><\/h3>\n<hr \/>\n<p><a href=\"http:\/\/progresgarbi.com\/wp-content\/uploads\/2015\/05\/logo-DOP-mongetes-COLOR.jpg\"><img loading=\"lazy\" decoding=\"async\" class=\"wp-image-11 size-medium aligncenter\" src=\"http:\/\/progresgarbi.com\/wp-content\/uploads\/2015\/05\/logo-DOP-mongetes-COLOR-187x300.jpg\" alt=\"logo DOP mongetes COLOR\" width=\"187\" height=\"300\" srcset=\"https:\/\/progresgarbi.com\/wp-content\/uploads\/2015\/05\/logo-DOP-mongetes-COLOR-187x300.jpg 187w, https:\/\/progresgarbi.com\/wp-content\/uploads\/2015\/05\/logo-DOP-mongetes-COLOR.jpg 390w\" sizes=\"(max-width: 187px) 100vw, 187px\" \/><\/a><\/p>\n<h2 style=\"text-align: center;\">Jud\u00eda del ganxet. Denominaci\u00f3n de origen protegida.<\/h2>\n<p style=\"text-align: center;\">La jud\u00eda del ganxet, es probablemente la legumbre m\u00e1s popular en Catalunya. Nuestra cooperativa forma parte del consejo regulador des de hace muchos a\u00f1os, y ha estado impulsora de la mejora del cultivo, des del triaje de la semilla, el seguimiento del cultivo por sus plagas y enfermedades, hasta el proceso de selecci\u00f3n del producto final, presentado en diversos formatos.<\/p>\n<p style=\"text-align: center;\">Os enlazamos el web del consejo regulador de la Jud\u00eda del Ganxet para ampliar i conocer qu\u00e9 se hace, y obtener una amplia informaci\u00f3n sobre esta legumbre.<\/p>\n<p style=\"text-align: center;\"><a href=\"http:\/\/www.mongetadelganxet.cat\/\" target=\"_blank\" rel=\"noopener\">http:\/\/www.mongetadelganxet.cat\/<\/a><\/p>\n<hr \/>\n<p><a href=\"http:\/\/progresgarbi.com\/wp-content\/uploads\/2021\/02\/circuitcurt_color.jpg\"><img loading=\"lazy\" decoding=\"async\" class=\"size-medium wp-image-402 aligncenter\" src=\"http:\/\/progresgarbi.com\/wp-content\/uploads\/2021\/02\/circuitcurt_color-278x300.jpg\" alt=\"\" width=\"278\" height=\"300\" srcset=\"https:\/\/progresgarbi.com\/wp-content\/uploads\/2021\/02\/circuitcurt_color-278x300.jpg 278w, https:\/\/progresgarbi.com\/wp-content\/uploads\/2021\/02\/circuitcurt_color-768x828.jpg 768w, https:\/\/progresgarbi.com\/wp-content\/uploads\/2021\/02\/circuitcurt_color.jpg 789w\" sizes=\"(max-width: 278px) 100vw, 278px\" \/><\/a><\/p>\n<h2 style=\"text-align: center;\">Venta de proximidad<\/h2>\n<p style=\"text-align: center;\">La cooperativa promociona el sello de venta de proximidad de la Generalitat de Catalunya, que promueve el consumo de productos de nuestra tierra.<\/p>\n<hr \/>\n<p style=\"text-align: center;\"><a href=\"http:\/\/progresgarbi.com\/wp-content\/uploads\/2015\/05\/Logo_GlobalGAP1-1024x178.png\"><img loading=\"lazy\" decoding=\"async\" class=\"alignnone size-medium wp-image-132\" src=\"http:\/\/progresgarbi.com\/wp-content\/uploads\/2015\/05\/Logo_GlobalGAP1-1024x178-300x52.png\" alt=\"Logo GlobalGAP certificaci\u00f3\" width=\"300\" height=\"52\" srcset=\"https:\/\/progresgarbi.com\/wp-content\/uploads\/2015\/05\/Logo_GlobalGAP1-1024x178-300x52.png 300w, https:\/\/progresgarbi.com\/wp-content\/uploads\/2015\/05\/Logo_GlobalGAP1-1024x178-768x134.png 768w, https:\/\/progresgarbi.com\/wp-content\/uploads\/2015\/05\/Logo_GlobalGAP1-1024x178.png 1024w\" sizes=\"(max-width: 300px) 100vw, 300px\" \/><\/a><\/p>\n<h2 style=\"text-align: center;\">Global G.A.P<\/h2>\n<p style=\"text-align: center;\">La cooperativa hace m\u00e1s de 12 a\u00f1os que dispone del certificado oficial de Globalgap.<\/p>\n<p style=\"text-align: center;\">Globalgap es una certifiaci\u00f3n privada que examina anualmente el proceso de producci\u00f3n, manipulaci\u00f3n y expedici\u00f3n de la verdura a certificar.<\/p>\n<h3 style=\"text-align: center;\">Indispensable para nuestra internacionalitzaci\u00f3n<\/h3>\n<p style=\"text-align: center;\">La escarola (Fris\u00e9e), la chicoria (Scarole) y la lechuga son los tres cultivos que cumplen esta reglamentaci\u00f3n. Nuestros t\u00e9cnicos son los encargados de actualizar los manuales de cumplimiento de todos los puntos analizados.<\/p>\n<h3 style=\"text-align: center;\">Certificaci\u00f3n de calidad<\/h3>\n<p style=\"text-align: center;\">Nuestros productos no los ver\u00e9is con los logos de certificaci\u00f3n en los puntos de venta del cliente final. Son imprescindibles para poder comercializar para clientes de la campa\u00f1a de chicoria, que son tanto nacionales (espa\u00f1oles) como franceses y alemanes entre otros.<\/p>\n<p>&nbsp;","protected":false},"excerpt":{"rendered":"<p>Progr\u00e9s Garb\u00ed Es la marca principal. Nace de la fusi\u00f3n de las cooperativas el Progr\u00e9s y Garb\u00ed. La uni\u00f3n de dos cooperativas Verduras cojidas y envasadas directamente del campo. CampNatur CampNatur es el resultado de la uni\u00f3n de campesinas y&hellip;<\/p>\n","protected":false},"author":1,"featured_media":0,"parent":0,"menu_order":3,"comment_status":"open","ping_status":"open","template":"","meta":{"footnotes":""},"_links":{"self":[{"href":"https:\/\/progresgarbi.com\/es\/wp-json\/wp\/v2\/pages\/27"}],"collection":[{"href":"https:\/\/progresgarbi.com\/es\/wp-json\/wp\/v2\/pages"}],"about":[{"href":"https:\/\/progresgarbi.com\/es\/wp-json\/wp\/v2\/types\/page"}],"author":[{"embeddable":true,"href":"https:\/\/progresgarbi.com\/es\/wp-json\/wp\/v2\/users\/1"}],"replies":[{"embeddable":true,"href":"https:\/\/progresgarbi.com\/es\/wp-json\/wp\/v2\/comments?post=27"}],"version-history":[{"count":43,"href":"https:\/\/progresgarbi.com\/es\/wp-json\/wp\/v2\/pages\/27\/revisions"}],"predecessor-version":[{"id":408,"href":"https:\/\/progresgarbi.com\/es\/wp-json\/wp\/v2\/pages\/27\/revisions\/408"}],"wp:attachment":[{"href":"https:\/\/progresgarbi.com\/es\/wp-json\/wp\/v2\/media?parent=27"}],"curies":[{"name":"wp","href":"https:\/\/api.w.org\/{rel}","templated":true}]}}