{"id":445,"date":"2023-07-28T19:49:17","date_gmt":"2023-07-28T13:49:17","guid":{"rendered":"https:\/\/progresgarbi.com\/?page_id=445"},"modified":"2023-07-31T19:00:26","modified_gmt":"2023-07-31T13:00:26","slug":"projectes","status":"publish","type":"page","link":"https:\/\/progresgarbi.com\/es\/projectes\/","title":{"rendered":"Proyectos"},"content":{"rendered":"<em><strong>La cooperativa se ha acogido a las ayudas FEADER para las inversiones realizadas durante el 2016. Tal y como dice la normativa, se hace difusi\u00f3n de esta actuaci\u00f3n que se engloba dentro del PDR.cat.2020.<\/strong><\/em><\/p>\n<p>Puedes ver el documento en: <a href=\"https:\/\/progresgarbi.com\/wp-content\/uploads\/2023\/04\/A0772-2015-IN11-Publicitat-ajut-DARP-FEADER2_removed.pdf\">A0772-2015-IN11-Publicitat-ajut-DARP-FEADER2_removed<\/a><\/p>\n<p>El Grupo Operativo se titula: \u00abMejora del control biol\u00f3gico de Tuta absoluta para reducir los da\u00f1os en tomate\u00bb, y tiene como objetivo principal definir una estrategia integral para el control de Tuta absoluta aprovechando este nuevo parasitoid que ya est\u00e1 ampliamente distribuido por la zona.<\/p>\n<p>Proyecto financiado a trav\u00e9s de la Operaci\u00f3n 16.01.01 de Cooperaci\u00f3n para la innovaci\u00f3n del Programa de desarrollo rural de Catalu\u00f1a 2014-2022.<\/p>\n<p>Ficha proyecto TUTA: <a href=\"https:\/\/progresgarbi.com\/wp-content\/uploads\/2023\/07\/fitxa-projecte-TUTA.pdf\">fitxa projecte TUTA<\/a><\/p>\n<p><a href=\"https:\/\/progresgarbi.com\/wp-content\/uploads\/2023\/07\/tuta-imatge.png\"><img loading=\"lazy\" decoding=\"async\" class=\"alignnone wp-image-446 size-full\" src=\"https:\/\/progresgarbi.com\/wp-content\/uploads\/2023\/07\/tuta-imatge.png\" alt=\"\" width=\"1024\" height=\"1024\" srcset=\"https:\/\/progresgarbi.com\/wp-content\/uploads\/2023\/07\/tuta-imatge.png 1024w, https:\/\/progresgarbi.com\/wp-content\/uploads\/2023\/07\/tuta-imatge-300x300.png 300w, https:\/\/progresgarbi.com\/wp-content\/uploads\/2023\/07\/tuta-imatge-150x150.png 150w, https:\/\/progresgarbi.com\/wp-content\/uploads\/2023\/07\/tuta-imatge-768x768.png 768w\" sizes=\"(max-width: 1024px) 100vw, 1024px\" \/><\/a><\/p>\n<p>&nbsp;<\/p>\n<p><a href=\"https:\/\/progresgarbi.com\/wp-content\/uploads\/2023\/04\/Logo_FEADER-Europa-inverteix-en-les-zones-rurals.png\"><img loading=\"lazy\" decoding=\"async\" class=\"alignnone size-medium wp-image-438\" src=\"https:\/\/progresgarbi.com\/wp-content\/uploads\/2023\/04\/Logo_FEADER-Europa-inverteix-en-les-zones-rurals-300x53.png\" alt=\"\" width=\"300\" height=\"53\" srcset=\"https:\/\/progresgarbi.com\/wp-content\/uploads\/2023\/04\/Logo_FEADER-Europa-inverteix-en-les-zones-rurals-300x53.png 300w, https:\/\/progresgarbi.com\/wp-content\/uploads\/2023\/04\/Logo_FEADER-Europa-inverteix-en-les-zones-rurals.png 480w\" sizes=\"(max-width: 300px) 100vw, 300px\" \/><\/a><\/p>\n<p>&nbsp;<\/p>\n<p>&nbsp;<\/p>\n<p>&nbsp;<\/p>\n<p><a href=\"https:\/\/progresgarbi.com\/wp-content\/uploads\/2023\/04\/accioclimatica_h3.jpg\"><img loading=\"lazy\" decoding=\"async\" class=\"alignnone size-medium wp-image-437\" src=\"https:\/\/progresgarbi.com\/wp-content\/uploads\/2023\/04\/accioclimatica_h3-300x52.jpg\" alt=\"\" width=\"300\" height=\"52\" srcset=\"https:\/\/progresgarbi.com\/wp-content\/uploads\/2023\/04\/accioclimatica_h3-300x52.jpg 300w, https:\/\/progresgarbi.com\/wp-content\/uploads\/2023\/04\/accioclimatica_h3.jpg 606w\" sizes=\"(max-width: 300px) 100vw, 300px\" \/><\/a><\/p>\n<p>&nbsp;<\/p>\n<p>&nbsp;<\/p>\n<p><a href=\"https:\/\/progresgarbi.com\/wp-content\/uploads\/2021\/04\/FSE_amb_lema.jpg\"><img loading=\"lazy\" decoding=\"async\" class=\"alignnone size-medium wp-image-430\" src=\"https:\/\/progresgarbi.com\/wp-content\/uploads\/2021\/04\/FSE_amb_lema-300x70.jpg\" alt=\"\" width=\"300\" height=\"70\" srcset=\"https:\/\/progresgarbi.com\/wp-content\/uploads\/2021\/04\/FSE_amb_lema-300x70.jpg 300w, https:\/\/progresgarbi.com\/wp-content\/uploads\/2021\/04\/FSE_amb_lema-1024x238.jpg 1024w, https:\/\/progresgarbi.com\/wp-content\/uploads\/2021\/04\/FSE_amb_lema-768x178.jpg 768w, https:\/\/progresgarbi.com\/wp-content\/uploads\/2021\/04\/FSE_amb_lema-1536x357.jpg 1536w, https:\/\/progresgarbi.com\/wp-content\/uploads\/2021\/04\/FSE_amb_lema-2048x476.jpg 2048w\" sizes=\"(max-width: 300px) 100vw, 300px\" \/><\/a><\/p>\n<p>&nbsp;<\/p>\n<p><a href=\"https:\/\/progresgarbi.com\/wp-content\/uploads\/2021\/04\/GENCAT-TREBALL.png\"><img loading=\"lazy\" decoding=\"async\" class=\"alignnone size-medium wp-image-429\" src=\"https:\/\/progresgarbi.com\/wp-content\/uploads\/2021\/04\/GENCAT-TREBALL-300x88.png\" alt=\"\" width=\"300\" height=\"88\" srcset=\"https:\/\/progresgarbi.com\/wp-content\/uploads\/2021\/04\/GENCAT-TREBALL-300x88.png 300w, https:\/\/progresgarbi.com\/wp-content\/uploads\/2021\/04\/GENCAT-TREBALL-1024x299.png 1024w, https:\/\/progresgarbi.com\/wp-content\/uploads\/2021\/04\/GENCAT-TREBALL-768x225.png 768w, https:\/\/progresgarbi.com\/wp-content\/uploads\/2021\/04\/GENCAT-TREBALL.png 1067w\" sizes=\"(max-width: 300px) 100vw, 300px\" \/><\/a>","protected":false},"excerpt":{"rendered":"<p>La cooperativa se ha acogido a las ayudas FEADER para las inversiones realizadas durante el 2016. Tal y como dice la normativa, se hace difusi\u00f3n de esta actuaci\u00f3n que se engloba dentro del PDR.cat.2020. Puedes ver el documento en: A0772-2015-IN11-Publicitat-ajut-DARP-FEADER2_removed&hellip;<\/p>\n","protected":false},"author":1,"featured_media":0,"parent":0,"menu_order":0,"comment_status":"closed","ping_status":"closed","template":"","meta":{"footnotes":""},"_links":{"self":[{"href":"https:\/\/progresgarbi.com\/es\/wp-json\/wp\/v2\/pages\/445"}],"collection":[{"href":"https:\/\/progresgarbi.com\/es\/wp-json\/wp\/v2\/pages"}],"about":[{"href":"https:\/\/progresgarbi.com\/es\/wp-json\/wp\/v2\/types\/page"}],"author":[{"embeddable":true,"href":"https:\/\/progresgarbi.com\/es\/wp-json\/wp\/v2\/users\/1"}],"replies":[{"embeddable":true,"href":"https:\/\/progresgarbi.com\/es\/wp-json\/wp\/v2\/comments?post=445"}],"version-history":[{"count":9,"href":"https:\/\/progresgarbi.com\/es\/wp-json\/wp\/v2\/pages\/445\/revisions"}],"predecessor-version":[{"id":458,"href":"https:\/\/progresgarbi.com\/es\/wp-json\/wp\/v2\/pages\/445\/revisions\/458"}],"wp:attachment":[{"href":"https:\/\/progresgarbi.com\/es\/wp-json\/wp\/v2\/media?parent=445"}],"curies":[{"name":"wp","href":"https:\/\/api.w.org\/{rel}","templated":true}]}}