{"id":58,"date":"2015-05-25T03:41:25","date_gmt":"2015-05-24T21:41:25","guid":{"rendered":"http:\/\/progresgarbi.com\/?page_id=58"},"modified":"2021-02-23T03:23:07","modified_gmt":"2021-02-22T21:23:07","slug":"inicio","status":"publish","type":"page","link":"https:\/\/progresgarbi.com\/es\/","title":{"rendered":"Inicio"},"content":{"rendered":"<div class=\"vc_row wpb_row\">\n    <div class=\"clr vc_row-fluid\">\n                                                                        <\/div><!-- .clr vc_row-fluid -->\n    <\/div><!-- .vc_row wpb_row -->\n\n\n\t<div class=\"vc_col-sm-12 wpb_column clr column_container  \">\n\t\t\t\n\t<\/div> \n\n    \n    \n        <div class=\"wpex-slider-preloaderimg\">\n\n            <img decoding=\"async\" src=\"https:\/\/progresgarbi.com\/wp-content\/uploads\/2015\/07\/5.jpg\" width=\"\" height=\"\" alt=\"El Pla De Grau Al Capvespre\" \/>\n        <\/div><!-- .wpex-slider-preloaderimg -->\n\n    \n    <div class=\"wpex-slider slider-pro vcex-image-slider clr\" data-auto-play-delay=\"5000\" data-thumbnails=\"true\" data-animation-speed=\"600\" data-height-animation-duration=\"500\" data-thumbnail-height=\"70\" data-thumbnail-width=\"70\">\n\n        <div class=\"wpex-slider-slides sp-slides\">\n\n            \n                \n                <div class=\"wpex-slider-slide sp-slide\">\n\n                    <div class=\"wpex-slider-media\">\n\n                        \n                            \n                                <img decoding=\"async\" src=\"https:\/\/progresgarbi.com\/wp-content\/uploads\/2015\/07\/5.jpg\" width=\"\" height=\"\" alt=\"El Pla De Grau Al Capvespre\" \/>\n                            \n                            \n                                <div class=\"wpex-slider-caption sp-layer sp-padding clr sp-black\"data-position=\"bottomCenter\" data-show-transition=\"up\" data-hide-transition=\"down\" data-width=\"100%\" data-show-delay=\"500\">\n                                                                            El Pla de Grau al capvespre                                                                    <\/div><!-- .wpex-slider-caption -->\n\n                            \n                        \n                    <\/div><!-- .wpex-slider-media -->\n\n                <\/div><!-- .wpex-slider-slide -->\n\n            \n                \n                <div class=\"wpex-slider-slide sp-slide\">\n\n                    <div class=\"wpex-slider-media\">\n\n                        \n                            \n                                <img decoding=\"async\" src=\"https:\/\/progresgarbi.com\/wp-content\/uploads\/2015\/07\/2.jpg\" width=\"\" height=\"\" alt=\"El Pla De Grau Nevat\" \/>\n                            \n                            \n                                <div class=\"wpex-slider-caption sp-layer sp-padding clr sp-black\"data-position=\"bottomCenter\" data-show-transition=\"up\" data-hide-transition=\"down\" data-width=\"100%\" data-show-delay=\"500\">\n                                                                            El Pla de Grau nevat                                                                    <\/div><!-- .wpex-slider-caption -->\n\n                            \n                        \n                    <\/div><!-- .wpex-slider-media -->\n\n                <\/div><!-- .wpex-slider-slide -->\n\n            \n                \n                <div class=\"wpex-slider-slide sp-slide\">\n\n                    <div class=\"wpex-slider-media\">\n\n                        \n                            \n                                <img decoding=\"async\" src=\"https:\/\/progresgarbi.com\/wp-content\/uploads\/2021\/02\/Pa\u0300gina-principal.jpg\" width=\"\" height=\"\" alt=\"Els Nostres Camps\" \/>\n                            \n                            \n                                <div class=\"wpex-slider-caption sp-layer sp-padding clr sp-black\"data-position=\"bottomCenter\" data-show-transition=\"up\" data-hide-transition=\"down\" data-width=\"100%\" data-show-delay=\"500\">\n                                                                            Els nostres camps                                                                    <\/div><!-- .wpex-slider-caption -->\n\n                            \n                        \n                    <\/div><!-- .wpex-slider-media -->\n\n                <\/div><!-- .wpex-slider-slide -->\n\n            \n                \n                <div class=\"wpex-slider-slide sp-slide\">\n\n                    <div class=\"wpex-slider-media\">\n\n                        \n                            \n                                <img decoding=\"async\" src=\"https:\/\/progresgarbi.com\/wp-content\/uploads\/2021\/02\/Pa\u0300gina-principal1.jpg\" width=\"\" height=\"\" alt=\"Els Nostres Camps Sent Regats\" \/>\n                            \n                            \n                                <div class=\"wpex-slider-caption sp-layer sp-padding clr sp-black\"data-position=\"bottomCenter\" data-show-transition=\"up\" data-hide-transition=\"down\" data-width=\"100%\" data-show-delay=\"500\">\n                                                                            Els nostres camps sent regats                                                                    <\/div><!-- .wpex-slider-caption -->\n\n                            \n                        \n                    <\/div><!-- .wpex-slider-media -->\n\n                <\/div><!-- .wpex-slider-slide -->\n\n            \n                \n                <div class=\"wpex-slider-slide sp-slide\">\n\n                    <div class=\"wpex-slider-media\">\n\n                        \n                            \n                                <img decoding=\"async\" src=\"https:\/\/progresgarbi.com\/wp-content\/uploads\/2021\/02\/Pa\u0300gina-principal2.jpg\" width=\"\" height=\"\" alt=\"Vista A\u00e9rea Del Pla De Grau\" \/>\n                            \n                            \n                                <div class=\"wpex-slider-caption sp-layer sp-padding clr sp-black\"data-position=\"bottomCenter\" data-show-transition=\"up\" data-hide-transition=\"down\" data-width=\"100%\" data-show-delay=\"500\">\n                                                                            Vista a\u00e9rea del Pla de Grau                                                                    <\/div><!-- .wpex-slider-caption -->\n\n                            \n                        \n                    <\/div><!-- .wpex-slider-media -->\n\n                <\/div><!-- .wpex-slider-slide -->\n\n            \n                \n                <div class=\"wpex-slider-slide sp-slide\">\n\n                    <div class=\"wpex-slider-media\">\n\n                        \n                            \n                                <img decoding=\"async\" src=\"https:\/\/progresgarbi.com\/wp-content\/uploads\/2021\/02\/Pagina-principal3.jpg\" width=\"\" height=\"\" alt=\"Un Camp D&#8217;escaroles\" \/>\n                            \n                            \n                                <div class=\"wpex-slider-caption sp-layer sp-padding clr sp-black\"data-position=\"bottomCenter\" data-show-transition=\"up\" data-hide-transition=\"down\" data-width=\"100%\" data-show-delay=\"500\">\n                                                                            Un camp d&#8217;escaroles                                                                    <\/div><!-- .wpex-slider-caption -->\n\n                            \n                        \n                    <\/div><!-- .wpex-slider-media -->\n\n                <\/div><!-- .wpex-slider-slide -->\n\n            \n        <\/div><!-- .wpex-slider-slides -->\n\n        \n            <div class=\"wpex-slider-thumbnails sp-thumbnails\">\n\n                \n                    <img decoding=\"async\" src=\"https:\/\/progresgarbi.com\/wp-content\/uploads\/2015\/07\/5.jpg\" width=\"\" height=\"\" class=\"wpex-slider-thumbnail sp-thumbnail\" alt=\"El Pla De Grau Al Capvespre\" \/>\n                \n                    <img decoding=\"async\" src=\"https:\/\/progresgarbi.com\/wp-content\/uploads\/2015\/07\/2.jpg\" width=\"\" height=\"\" class=\"wpex-slider-thumbnail sp-thumbnail\" alt=\"El Pla De Grau Nevat\" \/>\n                \n                    <img decoding=\"async\" src=\"https:\/\/progresgarbi.com\/wp-content\/uploads\/2021\/02\/Pa\u0300gina-principal.jpg\" width=\"\" height=\"\" class=\"wpex-slider-thumbnail sp-thumbnail\" alt=\"Els Nostres Camps\" \/>\n                \n                    <img decoding=\"async\" src=\"https:\/\/progresgarbi.com\/wp-content\/uploads\/2021\/02\/Pa\u0300gina-principal1.jpg\" width=\"\" height=\"\" class=\"wpex-slider-thumbnail sp-thumbnail\" alt=\"Els Nostres Camps Sent Regats\" \/>\n                \n                    <img decoding=\"async\" src=\"https:\/\/progresgarbi.com\/wp-content\/uploads\/2021\/02\/Pa\u0300gina-principal2.jpg\" width=\"\" height=\"\" class=\"wpex-slider-thumbnail sp-thumbnail\" alt=\"Vista A\u00e9rea Del Pla De Grau\" \/>\n                \n                    <img decoding=\"async\" src=\"https:\/\/progresgarbi.com\/wp-content\/uploads\/2021\/02\/Pagina-principal3.jpg\" width=\"\" height=\"\" class=\"wpex-slider-thumbnail sp-thumbnail\" alt=\"Un Camp D&#8217;escaroles\" \/>\n                \n            <\/div><!-- .wpex-slider-thumbnails -->\n\n        \n    <\/div><!-- .wpex-slider -->\n\n    \n\n\t<\/div> \n                                                    <\/div><!-- .clr vc_row-fluid -->\n    <\/div><!-- .vc_row wpb_row -->\n\n\n<div class=\"vc_row wpb_row\">\n    <div class=\"clr vc_row-fluid\">\n                    \n\t<div class=\"vc_col-sm-12 wpb_column clr column_container  \">\n\t\t\t\n\t<div class=\"wpb_text_column wpb_content_element \">\n\t\t<div class=\"wpb_wrapper\">\n\t\t\t\n\t\t<\/div> \n\t<\/div> \n\t<div class=\"wpb_text_column wpb_content_element \">\n\t\t<div class=\"wpb_wrapper\">\n\t\t\t<hr \/>\n\n\t\t<\/div> \n\t<\/div> \n\t<\/div> \n                                                    <\/div><!-- .clr vc_row-fluid -->\n    <\/div><!-- .vc_row wpb_row -->\n\n\n<div class=\"vc_row wpb_row\">\n    <div class=\"clr vc_row-fluid\">\n                    \n\t<div class=\"vc_col-sm-4 wpb_column clr column_container  \">\n\t\t\t\n\t<div class=\"wpb_single_image wpb_content_element clr vc_align_center\">\n\t\t<div class=\"wpb_wrapper\">\n\t\t\t\n\t\t\t<div class=\"vc_single_image-wrapper vc_box_outline  vc_box_border_grey\"><img loading=\"lazy\" decoding=\"async\" class=\"vc_box_outline vc_box_border_grey \" src=\"https:\/\/progresgarbi.com\/wp-content\/uploads\/2015\/05\/IMG_1513x300.jpg\" width=\"300\" height=\"200\" alt=\"Camp aspersors\" title=\"Camp aspersors\" \/><\/div>\n\t\t<\/div> \n\t<\/div> \n\t<div class=\"wpb_text_column wpb_content_element \">\n\t\t<div class=\"wpb_wrapper\">\n\t\t\t<p style=\"text-align: center;\">Con la mejor tecnolog\u00eda para regar nuestros campos<\/p>\n\n\t\t<\/div> \n\t<\/div> \n\t<\/div> \n\n\t<div class=\"vc_col-sm-4 wpb_column clr column_container  \">\n\t\t\t\n\t<div class=\"wpb_single_image wpb_content_element clr vc_align_center\">\n\t\t<div class=\"wpb_wrapper\">\n\t\t\t\n\t\t\t<div class=\"vc_single_image-wrapper vc_box_outline  vc_box_border_grey\"><img loading=\"lazy\" decoding=\"async\" class=\"vc_box_outline vc_box_border_grey \" src=\"https:\/\/progresgarbi.com\/wp-content\/uploads\/2015\/05\/home4-300x200.jpg\" width=\"300\" height=\"200\" alt=\"Gorros cobrint escaroles\" title=\"Gorros cobrint escaroles\" \/><\/div>\n\t\t<\/div> \n\t<\/div> \n\t<div class=\"wpb_text_column wpb_content_element \">\n\t\t<div class=\"wpb_wrapper\">\n\t\t\t<p style=\"text-align: center;\">Utilizamos las mejores t\u00e9cnicas para cultivar nuestras plantas<\/p>\n\n\t\t<\/div> \n\t<\/div> \n\t<\/div> \n\n\t<div class=\"vc_col-sm-4 wpb_column clr column_container  \">\n\t\t\t\n\t<div class=\"wpb_single_image wpb_content_element clr vc_align_center\">\n\t\t<div class=\"wpb_wrapper\">\n\t\t\t\n\t\t\t<div class=\"vc_single_image-wrapper vc_box_outline  vc_box_border_grey\"><img loading=\"lazy\" decoding=\"async\" class=\"vc_box_outline vc_box_border_grey \" src=\"https:\/\/progresgarbi.com\/wp-content\/uploads\/2015\/05\/IMG_1514x300.jpg\" width=\"300\" height=\"200\" alt=\"Camp agr\u00edcola enciams pla de grau\" title=\"Camp agr\u00edcola enciams pla de grau\" \/><\/div>\n\t\t<\/div> \n\t<\/div> \n\t<div class=\"wpb_text_column wpb_content_element \">\n\t\t<div class=\"wpb_wrapper\">\n\t\t\t<p style=\"text-align: center;\">Consiguiendo un gran producto para nuestros consumidores<\/p>\n\n\t\t<\/div> \n\t<\/div> \n\t<\/div> \n                                                    <\/div><!-- .clr vc_row-fluid -->\n    <\/div><!-- .vc_row wpb_row -->\n\n\n<div class=\"vc_row wpb_row\">\n    <div class=\"clr vc_row-fluid\">\n                                                                        <\/div><!-- .clr vc_row-fluid -->\n    <\/div><!-- .vc_row wpb_row -->\n\n\n\t<div class=\"vc_col-sm-12 wpb_column clr column_container  \">\n\t\t\t\n\t<\/div> \n\n\t<div class=\"wpb_text_column wpb_content_element \">\n\t\t<div class=\"wpb_wrapper\">\n\t\t\t\n\t\t<\/div> \n\t<\/div> \n<hr \/>\n<p><a href=\"https:\/\/www.amazon.es\/La-Pilona-MONGETA-DEL-GANXET\/dp\/B07931Z5BS\" target=\"_blank\" rel=\"noopener\"><img loading=\"lazy\" decoding=\"async\" class=\"wp-image-419 aligncenter\" src=\"http:\/\/progresgarbi.com\/wp-content\/uploads\/2021\/02\/banner-es-2-300x180.png\" alt=\"\" width=\"700\" height=\"420\" srcset=\"https:\/\/progresgarbi.com\/wp-content\/uploads\/2021\/02\/banner-es-2-300x180.png 300w, https:\/\/progresgarbi.com\/wp-content\/uploads\/2021\/02\/banner-es-2-768x461.png 768w, https:\/\/progresgarbi.com\/wp-content\/uploads\/2021\/02\/banner-es-2.png 1000w\" sizes=\"(max-width: 700px) 100vw, 700px\" \/><\/a><\/p>\n<hr \/>\n<p style=\"text-align: center;\">Para consultar el clima y las previsiones meteorol\u00f3gicas<\/p>\n<p style=\"text-align: center;\"><a href=\"http:\/\/www.meteo.cat\/observacions\/xema\/dades\/\" target=\"_blank\" rel=\"noopener\"><img loading=\"lazy\" decoding=\"async\" class=\"alignnone wp-image-197\" src=\"http:\/\/progresgarbi.com\/wp-content\/uploads\/2015\/05\/logo-meteocat.jpg\" alt=\"logo-meteocat\" width=\"218\" height=\"145\" srcset=\"https:\/\/progresgarbi.com\/wp-content\/uploads\/2015\/05\/logo-meteocat.jpg 441w, https:\/\/progresgarbi.com\/wp-content\/uploads\/2015\/05\/logo-meteocat-300x200.jpg 300w\" sizes=\"(max-width: 218px) 100vw, 218px\" \/><\/a><\/p>\n<p style=\"text-align: center;\">Filtrar por poblaci\u00f3n: Malgrat de Mar (o la que quiera\u00a0consultar)<\/p>\n<h1>Nuestras instalaciones en Malgrat de Mar<\/h1>\n<p><iframe loading=\"lazy\" style=\"border: 0;\" tabindex=\"0\" src=\"https:\/\/www.google.com\/maps\/embed?pb=!1m18!1m12!1m3!1d381891.7457161493!2d2.2832663276390943!3d41.601065422239394!2m3!1f0!2f0!3f0!3m2!1i1024!2i768!4f13.1!3m3!1m2!1s0x12bb3ddf5f9e5c81%3A0xeed2e3e1ff2ff132!2sCooperativa%20Agr%C3%ADcola%20Progr%C3%A9s-Garb%C3%AD!5e0!3m2!1ses!2ses!4v1612953393760!5m2!1ses!2ses\" width=\"600\" height=\"450\" frameborder=\"0\" allowfullscreen=\"allowfullscreen\" aria-hidden=\"false\"><\/iframe>","protected":false},"excerpt":{"rendered":"<p>Disculpa, pero esta entrada est\u00e1 disponible s\u00f3lo en Catal\u00e0. For the sake of viewer convenience, the content is shown below in the alternative language. You may click the link to switch the active language. Para consultar el clima y las&hellip;<\/p>\n","protected":false},"author":1,"featured_media":0,"parent":0,"menu_order":0,"comment_status":"open","ping_status":"open","template":"","meta":{"footnotes":""},"_links":{"self":[{"href":"https:\/\/progresgarbi.com\/es\/wp-json\/wp\/v2\/pages\/58"}],"collection":[{"href":"https:\/\/progresgarbi.com\/es\/wp-json\/wp\/v2\/pages"}],"about":[{"href":"https:\/\/progresgarbi.com\/es\/wp-json\/wp\/v2\/types\/page"}],"author":[{"embeddable":true,"href":"https:\/\/progresgarbi.com\/es\/wp-json\/wp\/v2\/users\/1"}],"replies":[{"embeddable":true,"href":"https:\/\/progresgarbi.com\/es\/wp-json\/wp\/v2\/comments?post=58"}],"version-history":[{"count":53,"href":"https:\/\/progresgarbi.com\/es\/wp-json\/wp\/v2\/pages\/58\/revisions"}],"predecessor-version":[{"id":421,"href":"https:\/\/progresgarbi.com\/es\/wp-json\/wp\/v2\/pages\/58\/revisions\/421"}],"wp:attachment":[{"href":"https:\/\/progresgarbi.com\/es\/wp-json\/wp\/v2\/media?parent=58"}],"curies":[{"name":"wp","href":"https:\/\/api.w.org\/{rel}","templated":true}]}}